{"id":233,"date":"2026-02-13T23:07:10","date_gmt":"2026-02-13T22:07:10","guid":{"rendered":"https:\/\/milleetunpoils.fr\/?page_id=233"},"modified":"2026-03-08T16:07:12","modified_gmt":"2026-03-08T15:07:12","slug":"galerie-photos","status":"publish","type":"page","link":"https:\/\/milleetunpoils.fr\/index.php\/galerie-photos\/","title":{"rendered":"Galerie photos"},"content":{"rendered":"\t\t<div data-elementor-type=\"wp-page\" data-elementor-id=\"233\" class=\"elementor elementor-233\">\n\t\t\t\t<div class=\"elementor-element elementor-element-f6baf17 e-grid e-con-boxed e-con e-parent\" data-id=\"f6baf17\" data-element_type=\"container\" data-e-type=\"container\">\n\t\t\t\t\t<div class=\"e-con-inner\">\n\t\t\t\t<div class=\"elementor-element elementor-element-4a07aca elementor-widget elementor-widget-heading\" data-id=\"4a07aca\" data-element_type=\"widget\" data-e-type=\"widget\" data-widget_type=\"heading.default\">\n\t\t\t\t<div class=\"elementor-widget-container\">\n\t\t\t\t\t<h1 class=\"elementor-heading-title elementor-size-default\">Galerie photos des animaux<\/h1>\t\t\t\t<\/div>\n\t\t\t\t<\/div>\n\t\t\t\t<div class=\"elementor-element elementor-element-1ecc0f1 elementor-widget elementor-widget-text-editor\" data-id=\"1ecc0f1\" data-element_type=\"widget\" data-e-type=\"widget\" data-widget_type=\"text-editor.default\">\n\t\t\t\t<div class=\"elementor-widget-container\">\n\t\t\t\t\t\t\t\t\t<p>Vous retrouverez ci dessous quelques photos de gardes r\u00e9alis\u00e9es pour vos chiens, chats, NAC etc&#8230;\u00a0<\/p>\n<p>Calins, promenades, soins, amour et attention sont au rendez-vous. Vous pouvez partir et laisser vos animaux en toute confiance.\u00a0<\/p>\n<p>Retrouvez bientot la photo de votre loulou lors de sa garde chez Mille et un poils !<\/p>\t\t\t\t\t\t\t\t<\/div>\n\t\t\t\t<\/div>\n\t\t\t\t\t<\/div>\n\t\t\t\t<\/div>\n\t\t<div class=\"elementor-element elementor-element-06b151f e-grid e-con-boxed e-con e-parent\" data-id=\"06b151f\" data-element_type=\"container\" data-e-type=\"container\">\n\t\t\t\t\t<div class=\"e-con-inner\">\n\t\t\t\t<div class=\"elementor-element elementor-element-91294ce elementor-widget elementor-widget-image\" data-id=\"91294ce\" data-element_type=\"widget\" data-e-type=\"widget\" data-widget_type=\"image.default\">\n\t\t\t\t<div class=\"elementor-widget-container\">\n\t\t\t\t\t\t\t\t\t\t\t\t<figure class=\"wp-caption\">\n\t\t\t\t\t\t\t\t\t\t<img fetchpriority=\"high\" decoding=\"async\" width=\"768\" height=\"1024\" src=\"https:\/\/milleetunpoils.fr\/wp-content\/uploads\/2026\/02\/20260206_125252-768x1024.jpg\" class=\"attachment-large size-large wp-image-234\" alt=\"\" srcset=\"https:\/\/milleetunpoils.fr\/wp-content\/uploads\/2026\/02\/20260206_125252-768x1024.jpg 768w, https:\/\/milleetunpoils.fr\/wp-content\/uploads\/2026\/02\/20260206_125252-225x300.jpg 225w, https:\/\/milleetunpoils.fr\/wp-content\/uploads\/2026\/02\/20260206_125252-1152x1536.jpg 1152w, https:\/\/milleetunpoils.fr\/wp-content\/uploads\/2026\/02\/20260206_125252-1536x2048.jpg 1536w, https:\/\/milleetunpoils.fr\/wp-content\/uploads\/2026\/02\/20260206_125252-scaled.jpg 1920w\" sizes=\"(max-width: 768px) 100vw, 768px\" \/>\t\t\t\t\t\t\t\t\t\t\t<figcaption class=\"widget-image-caption wp-caption-text\">Delta, ma minette, la mascotte <\/figcaption>\n\t\t\t\t\t\t\t\t\t\t<\/figure>\n\t\t\t\t\t\t\t\t\t<\/div>\n\t\t\t\t<\/div>\n\t\t\t\t<div class=\"elementor-element elementor-element-5802cf4 elementor-widget elementor-widget-image\" data-id=\"5802cf4\" data-element_type=\"widget\" data-e-type=\"widget\" data-widget_type=\"image.default\">\n\t\t\t\t<div class=\"elementor-widget-container\">\n\t\t\t\t\t\t\t\t\t\t\t\t<figure class=\"wp-caption\">\n\t\t\t\t\t\t\t\t\t\t<img decoding=\"async\" width=\"768\" height=\"1024\" src=\"https:\/\/milleetunpoils.fr\/wp-content\/uploads\/2026\/02\/20251218_115556-768x1024.jpg\" class=\"attachment-large size-large wp-image-236\" alt=\"\" srcset=\"https:\/\/milleetunpoils.fr\/wp-content\/uploads\/2026\/02\/20251218_115556-768x1024.jpg 768w, https:\/\/milleetunpoils.fr\/wp-content\/uploads\/2026\/02\/20251218_115556-225x300.jpg 225w, https:\/\/milleetunpoils.fr\/wp-content\/uploads\/2026\/02\/20251218_115556-1152x1536.jpg 1152w, https:\/\/milleetunpoils.fr\/wp-content\/uploads\/2026\/02\/20251218_115556-1536x2048.jpg 1536w, https:\/\/milleetunpoils.fr\/wp-content\/uploads\/2026\/02\/20251218_115556-scaled.jpg 1920w\" sizes=\"(max-width: 768px) 100vw, 768px\" \/>\t\t\t\t\t\t\t\t\t\t\t<figcaption class=\"widget-image-caption wp-caption-text\">Delta<\/figcaption>\n\t\t\t\t\t\t\t\t\t\t<\/figure>\n\t\t\t\t\t\t\t\t\t<\/div>\n\t\t\t\t<\/div>\n\t\t\t\t<div class=\"elementor-element elementor-element-29d7813 elementor-widget elementor-widget-image\" data-id=\"29d7813\" data-element_type=\"widget\" data-e-type=\"widget\" data-widget_type=\"image.default\">\n\t\t\t\t<div class=\"elementor-widget-container\">\n\t\t\t\t\t\t\t\t\t\t\t\t<figure class=\"wp-caption\">\n\t\t\t\t\t\t\t\t\t\t<img decoding=\"async\" width=\"768\" height=\"1024\" src=\"https:\/\/milleetunpoils.fr\/wp-content\/uploads\/2026\/02\/20250823_141328-768x1024.jpg\" class=\"attachment-large size-large wp-image-238\" alt=\"Des promenades de qualit\u00e9s\" srcset=\"https:\/\/milleetunpoils.fr\/wp-content\/uploads\/2026\/02\/20250823_141328-768x1024.jpg 768w, https:\/\/milleetunpoils.fr\/wp-content\/uploads\/2026\/02\/20250823_141328-225x300.jpg 225w, https:\/\/milleetunpoils.fr\/wp-content\/uploads\/2026\/02\/20250823_141328-1152x1536.jpg 1152w, https:\/\/milleetunpoils.fr\/wp-content\/uploads\/2026\/02\/20250823_141328-1536x2048.jpg 1536w, https:\/\/milleetunpoils.fr\/wp-content\/uploads\/2026\/02\/20250823_141328-scaled.jpg 1920w\" sizes=\"(max-width: 768px) 100vw, 768px\" \/>\t\t\t\t\t\t\t\t\t\t\t<figcaption class=\"widget-image-caption wp-caption-text\">Samba, jeune Berger blanc suisse, en balade au marais du Quelen, tr\u00e8s douce et joueuse<\/figcaption>\n\t\t\t\t\t\t\t\t\t\t<\/figure>\n\t\t\t\t\t\t\t\t\t<\/div>\n\t\t\t\t<\/div>\n\t\t\t\t<div class=\"elementor-element elementor-element-575aacc elementor-widget elementor-widget-image\" data-id=\"575aacc\" data-element_type=\"widget\" data-e-type=\"widget\" data-widget_type=\"image.default\">\n\t\t\t\t<div class=\"elementor-widget-container\">\n\t\t\t\t\t\t\t\t\t\t\t\t<figure class=\"wp-caption\">\n\t\t\t\t\t\t\t\t\t\t<img loading=\"lazy\" decoding=\"async\" width=\"973\" height=\"213\" src=\"https:\/\/milleetunpoils.fr\/wp-content\/uploads\/2026\/02\/IMG_20250826_211110_476-e1775241103315.webp\" class=\"attachment-large size-large wp-image-237\" alt=\"moment zen contactez moi\" srcset=\"https:\/\/milleetunpoils.fr\/wp-content\/uploads\/2026\/02\/IMG_20250826_211110_476-e1775241103315.webp 973w, https:\/\/milleetunpoils.fr\/wp-content\/uploads\/2026\/02\/IMG_20250826_211110_476-e1775241103315-300x66.webp 300w, https:\/\/milleetunpoils.fr\/wp-content\/uploads\/2026\/02\/IMG_20250826_211110_476-e1775241103315-768x168.webp 768w\" sizes=\"(max-width: 973px) 100vw, 973px\" \/>\t\t\t\t\t\t\t\t\t\t\t<figcaption class=\"widget-image-caption wp-caption-text\">Samba au repos, apais\u00e9e sur son plaid <\/figcaption>\n\t\t\t\t\t\t\t\t\t\t<\/figure>\n\t\t\t\t\t\t\t\t\t<\/div>\n\t\t\t\t<\/div>\n\t\t\t\t<div class=\"elementor-element elementor-element-50e4021 elementor-widget elementor-widget-image\" data-id=\"50e4021\" data-element_type=\"widget\" data-e-type=\"widget\" data-widget_type=\"image.default\">\n\t\t\t\t<div class=\"elementor-widget-container\">\n\t\t\t\t\t\t\t\t\t\t\t\t<figure class=\"wp-caption\">\n\t\t\t\t\t\t\t\t\t\t<img loading=\"lazy\" decoding=\"async\" width=\"768\" height=\"1024\" src=\"https:\/\/milleetunpoils.fr\/wp-content\/uploads\/2026\/02\/20260211_131502-768x1024.jpg\" class=\"attachment-large size-large wp-image-239\" alt=\"\" srcset=\"https:\/\/milleetunpoils.fr\/wp-content\/uploads\/2026\/02\/20260211_131502-768x1024.jpg 768w, https:\/\/milleetunpoils.fr\/wp-content\/uploads\/2026\/02\/20260211_131502-225x300.jpg 225w, https:\/\/milleetunpoils.fr\/wp-content\/uploads\/2026\/02\/20260211_131502-1152x1536.jpg 1152w, https:\/\/milleetunpoils.fr\/wp-content\/uploads\/2026\/02\/20260211_131502-1536x2048.jpg 1536w, https:\/\/milleetunpoils.fr\/wp-content\/uploads\/2026\/02\/20260211_131502-scaled.jpg 1920w\" sizes=\"(max-width: 768px) 100vw, 768px\" \/>\t\t\t\t\t\t\t\t\t\t\t<figcaption class=\"widget-image-caption wp-caption-text\">Maki, chat persan, necessite une attention particuli\u00e8re due a son poils long et ses yeux qui coulent<\/figcaption>\n\t\t\t\t\t\t\t\t\t\t<\/figure>\n\t\t\t\t\t\t\t\t\t<\/div>\n\t\t\t\t<\/div>\n\t\t\t\t<div class=\"elementor-element elementor-element-2069889 elementor-widget elementor-widget-image\" data-id=\"2069889\" data-element_type=\"widget\" data-e-type=\"widget\" data-widget_type=\"image.default\">\n\t\t\t\t<div class=\"elementor-widget-container\">\n\t\t\t\t\t\t\t\t\t\t\t\t<figure class=\"wp-caption\">\n\t\t\t\t\t\t\t\t\t\t<img loading=\"lazy\" decoding=\"async\" width=\"768\" height=\"1024\" src=\"https:\/\/milleetunpoils.fr\/wp-content\/uploads\/2026\/02\/20260213_121610-768x1024.jpg\" class=\"attachment-large size-large wp-image-235\" alt=\"\" srcset=\"https:\/\/milleetunpoils.fr\/wp-content\/uploads\/2026\/02\/20260213_121610-768x1024.jpg 768w, https:\/\/milleetunpoils.fr\/wp-content\/uploads\/2026\/02\/20260213_121610-225x300.jpg 225w, https:\/\/milleetunpoils.fr\/wp-content\/uploads\/2026\/02\/20260213_121610-1152x1536.jpg 1152w, https:\/\/milleetunpoils.fr\/wp-content\/uploads\/2026\/02\/20260213_121610-1536x2048.jpg 1536w, https:\/\/milleetunpoils.fr\/wp-content\/uploads\/2026\/02\/20260213_121610-scaled.jpg 1920w\" sizes=\"(max-width: 768px) 100vw, 768px\" \/>\t\t\t\t\t\t\t\t\t\t\t<figcaption class=\"widget-image-caption wp-caption-text\">Sushi, la soeur de Maki, grande chasseuse de croquettes et adore se blottir sous les plaids<\/figcaption>\n\t\t\t\t\t\t\t\t\t\t<\/figure>\n\t\t\t\t\t\t\t\t\t<\/div>\n\t\t\t\t<\/div>\n\t\t\t\t<div class=\"elementor-element elementor-element-975c541 elementor-widget elementor-widget-image\" data-id=\"975c541\" data-element_type=\"widget\" data-e-type=\"widget\" data-widget_type=\"image.default\">\n\t\t\t\t<div class=\"elementor-widget-container\">\n\t\t\t\t\t\t\t\t\t\t\t\t<figure class=\"wp-caption\">\n\t\t\t\t\t\t\t\t\t\t<img loading=\"lazy\" decoding=\"async\" width=\"1024\" height=\"683\" src=\"https:\/\/milleetunpoils.fr\/wp-content\/uploads\/2026\/03\/MG_2591-1024x683.jpg\" class=\"attachment-large size-large wp-image-301\" alt=\"\" srcset=\"https:\/\/milleetunpoils.fr\/wp-content\/uploads\/2026\/03\/MG_2591-1024x683.jpg 1024w, https:\/\/milleetunpoils.fr\/wp-content\/uploads\/2026\/03\/MG_2591-300x200.jpg 300w, https:\/\/milleetunpoils.fr\/wp-content\/uploads\/2026\/03\/MG_2591-768x512.jpg 768w, https:\/\/milleetunpoils.fr\/wp-content\/uploads\/2026\/03\/MG_2591-1536x1024.jpg 1536w, https:\/\/milleetunpoils.fr\/wp-content\/uploads\/2026\/03\/MG_2591-2048x1365.jpg 2048w\" sizes=\"(max-width: 1024px) 100vw, 1024px\" \/>\t\t\t\t\t\t\t\t\t\t\t<figcaption class=\"widget-image-caption wp-caption-text\">Sphynx qui patoune mon pantalon, archive de mes premi\u00e8res gardes \u00e0 l'hotel pour chats Aristide \u00e0 Paris<\/figcaption>\n\t\t\t\t\t\t\t\t\t\t<\/figure>\n\t\t\t\t\t\t\t\t\t<\/div>\n\t\t\t\t<\/div>\n\t\t\t\t<div class=\"elementor-element elementor-element-ba3ca74 elementor-widget elementor-widget-image\" data-id=\"ba3ca74\" data-element_type=\"widget\" data-e-type=\"widget\" data-widget_type=\"image.default\">\n\t\t\t\t<div class=\"elementor-widget-container\">\n\t\t\t\t\t\t\t\t\t\t\t\t<figure class=\"wp-caption\">\n\t\t\t\t\t\t\t\t\t\t<img loading=\"lazy\" decoding=\"async\" width=\"768\" height=\"1024\" src=\"https:\/\/milleetunpoils.fr\/wp-content\/uploads\/2024\/05\/20240511_1900430-768x1024.jpg\" class=\"attachment-large size-large wp-image-106\" alt=\"\" srcset=\"https:\/\/milleetunpoils.fr\/wp-content\/uploads\/2024\/05\/20240511_1900430-768x1024.jpg 768w, https:\/\/milleetunpoils.fr\/wp-content\/uploads\/2024\/05\/20240511_1900430-225x300.jpg 225w, https:\/\/milleetunpoils.fr\/wp-content\/uploads\/2024\/05\/20240511_1900430-1152x1536.jpg 1152w, https:\/\/milleetunpoils.fr\/wp-content\/uploads\/2024\/05\/20240511_1900430-1536x2048.jpg 1536w, https:\/\/milleetunpoils.fr\/wp-content\/uploads\/2024\/05\/20240511_1900430-scaled.jpg 1920w\" sizes=\"(max-width: 768px) 100vw, 768px\" \/>\t\t\t\t\t\t\t\t\t\t\t<figcaption class=\"widget-image-caption wp-caption-text\">Sasha, jeune yorkshire plein d'\u00e9nergie et d'amour<\/figcaption>\n\t\t\t\t\t\t\t\t\t\t<\/figure>\n\t\t\t\t\t\t\t\t\t<\/div>\n\t\t\t\t<\/div>\n\t\t\t\t\t<\/div>\n\t\t\t\t<\/div>\n\t\t<div class=\"elementor-element elementor-element-46ed60a e-grid e-con-boxed e-con e-parent\" data-id=\"46ed60a\" data-element_type=\"container\" data-e-type=\"container\">\n\t\t\t\t\t<div class=\"e-con-inner\">\n\t\t\t\t<div class=\"elementor-element elementor-element-f22b331 elementor-align-center elementor-widget elementor-widget-button\" data-id=\"f22b331\" data-element_type=\"widget\" data-e-type=\"widget\" data-widget_type=\"button.default\">\n\t\t\t\t<div class=\"elementor-widget-container\">\n\t\t\t\t\t\t\t\t\t<div class=\"elementor-button-wrapper\">\n\t\t\t\t\t<a class=\"elementor-button elementor-button-link elementor-size-sm\" href=\"https:\/\/milleetunpoils.fr\/index.php\/contacts\/\">\n\t\t\t\t\t\t<span class=\"elementor-button-content-wrapper\">\n\t\t\t\t\t\t\t\t\t<span class=\"elementor-button-text\">Contactez-moi pour organiser la garde de votre animal <\/span>\n\t\t\t\t\t<\/span>\n\t\t\t\t\t<\/a>\n\t\t\t\t<\/div>\n\t\t\t\t\t\t\t\t<\/div>\n\t\t\t\t<\/div>\n\t\t\t\t\t<\/div>\n\t\t\t\t<\/div>\n\t\t\t\t<\/div>\n\t\t","protected":false},"excerpt":{"rendered":"<p>Galerie photos des animaux Vous retrouverez ci dessous quelques photos de gardes r\u00e9alis\u00e9es pour vos chiens, chats, NAC etc&#8230;\u00a0 Calins, promenades, soins, amour et attention sont au rendez-vous. Vous pouvez partir et laisser vos animaux en toute confiance.\u00a0 Retrouvez bientot la photo de votre loulou lors de sa garde chez Mille et un poils ! [&hellip;]<\/p>\n","protected":false},"author":1,"featured_media":0,"parent":0,"menu_order":5,"comment_status":"closed","ping_status":"closed","template":"","meta":{"footnotes":""},"class_list":["post-233","page","type-page","status-publish","hentry"],"blocksy_meta":[],"yoast_head":"<!-- This site is optimized with the Yoast SEO plugin v27.3 - https:\/\/yoast.com\/product\/yoast-seo-wordpress\/ -->\n<title>Galerie photos - Mille et un poils<\/title>\n<meta name=\"description\" content=\"D\u00e9couvrez les photos des animaux d\u00e9j\u00e0 gard\u00e9s par Mille et un Poils. soins, promenades, c\u00e2lins, jeux, s\u00e9r\u00e9nit\u00e9 au rendez-vous !\" \/>\n<meta name=\"robots\" content=\"index, follow, max-snippet:-1, max-image-preview:large, max-video-preview:-1\" \/>\n<link rel=\"canonical\" href=\"https:\/\/milleetunpoils.fr\/index.php\/galerie-photos\/\" \/>\n<meta property=\"og:locale\" content=\"fr_FR\" \/>\n<meta property=\"og:type\" content=\"article\" \/>\n<meta property=\"og:title\" content=\"Galerie photos - Mille et un poils\" \/>\n<meta property=\"og:description\" content=\"D\u00e9couvrez les photos des animaux d\u00e9j\u00e0 gard\u00e9s par Mille et un Poils. soins, promenades, c\u00e2lins, jeux, s\u00e9r\u00e9nit\u00e9 au rendez-vous !\" \/>\n<meta property=\"og:url\" content=\"https:\/\/milleetunpoils.fr\/index.php\/galerie-photos\/\" \/>\n<meta property=\"og:site_name\" content=\"Mille et un poils\" \/>\n<meta property=\"article:modified_time\" content=\"2026-03-08T15:07:12+00:00\" \/>\n<meta property=\"og:image\" content=\"https:\/\/milleetunpoils.fr\/wp-content\/uploads\/2026\/02\/20260206_125252-scaled.jpg\" \/>\n\t<meta property=\"og:image:width\" content=\"1920\" \/>\n\t<meta property=\"og:image:height\" content=\"2560\" \/>\n\t<meta property=\"og:image:type\" content=\"image\/jpeg\" \/>\n<meta name=\"twitter:card\" content=\"summary_large_image\" \/>\n<meta name=\"twitter:label1\" content=\"Dur\u00e9e de lecture estim\u00e9e\" \/>\n\t<meta name=\"twitter:data1\" content=\"3 minutes\" \/>\n<script type=\"application\/ld+json\" class=\"yoast-schema-graph\">{\"@context\":\"https:\\\/\\\/schema.org\",\"@graph\":[{\"@type\":\"WebPage\",\"@id\":\"https:\\\/\\\/milleetunpoils.fr\\\/index.php\\\/galerie-photos\\\/\",\"url\":\"https:\\\/\\\/milleetunpoils.fr\\\/index.php\\\/galerie-photos\\\/\",\"name\":\"Galerie photos - Mille et un poils\",\"isPartOf\":{\"@id\":\"https:\\\/\\\/milleetunpoils.fr\\\/#website\"},\"primaryImageOfPage\":{\"@id\":\"https:\\\/\\\/milleetunpoils.fr\\\/index.php\\\/galerie-photos\\\/#primaryimage\"},\"image\":{\"@id\":\"https:\\\/\\\/milleetunpoils.fr\\\/index.php\\\/galerie-photos\\\/#primaryimage\"},\"thumbnailUrl\":\"https:\\\/\\\/milleetunpoils.fr\\\/wp-content\\\/uploads\\\/2026\\\/02\\\/20260206_125252-768x1024.jpg\",\"datePublished\":\"2026-02-13T22:07:10+00:00\",\"dateModified\":\"2026-03-08T15:07:12+00:00\",\"description\":\"D\u00e9couvrez les photos des animaux d\u00e9j\u00e0 gard\u00e9s par Mille et un Poils. soins, promenades, c\u00e2lins, jeux, s\u00e9r\u00e9nit\u00e9 au rendez-vous !\",\"breadcrumb\":{\"@id\":\"https:\\\/\\\/milleetunpoils.fr\\\/index.php\\\/galerie-photos\\\/#breadcrumb\"},\"inLanguage\":\"fr-FR\",\"potentialAction\":[{\"@type\":\"ReadAction\",\"target\":[\"https:\\\/\\\/milleetunpoils.fr\\\/index.php\\\/galerie-photos\\\/\"]}]},{\"@type\":\"ImageObject\",\"inLanguage\":\"fr-FR\",\"@id\":\"https:\\\/\\\/milleetunpoils.fr\\\/index.php\\\/galerie-photos\\\/#primaryimage\",\"url\":\"https:\\\/\\\/milleetunpoils.fr\\\/wp-content\\\/uploads\\\/2026\\\/02\\\/20260206_125252-scaled.jpg\",\"contentUrl\":\"https:\\\/\\\/milleetunpoils.fr\\\/wp-content\\\/uploads\\\/2026\\\/02\\\/20260206_125252-scaled.jpg\",\"width\":1920,\"height\":2560},{\"@type\":\"BreadcrumbList\",\"@id\":\"https:\\\/\\\/milleetunpoils.fr\\\/index.php\\\/galerie-photos\\\/#breadcrumb\",\"itemListElement\":[{\"@type\":\"ListItem\",\"position\":1,\"name\":\"Accueil\",\"item\":\"https:\\\/\\\/milleetunpoils.fr\\\/\"},{\"@type\":\"ListItem\",\"position\":2,\"name\":\"Galerie photos\"}]},{\"@type\":\"WebSite\",\"@id\":\"https:\\\/\\\/milleetunpoils.fr\\\/#website\",\"url\":\"https:\\\/\\\/milleetunpoils.fr\\\/\",\"name\":\"Mille et un poils\",\"description\":\"Garde d&#039;animaux \u00e0 Lannion\",\"publisher\":{\"@id\":\"https:\\\/\\\/milleetunpoils.fr\\\/#organization\"},\"potentialAction\":[{\"@type\":\"SearchAction\",\"target\":{\"@type\":\"EntryPoint\",\"urlTemplate\":\"https:\\\/\\\/milleetunpoils.fr\\\/?s={search_term_string}\"},\"query-input\":{\"@type\":\"PropertyValueSpecification\",\"valueRequired\":true,\"valueName\":\"search_term_string\"}}],\"inLanguage\":\"fr-FR\"},{\"@type\":\"Organization\",\"@id\":\"https:\\\/\\\/milleetunpoils.fr\\\/#organization\",\"name\":\"Mille et un poils\",\"url\":\"https:\\\/\\\/milleetunpoils.fr\\\/\",\"logo\":{\"@type\":\"ImageObject\",\"inLanguage\":\"fr-FR\",\"@id\":\"https:\\\/\\\/milleetunpoils.fr\\\/#\\\/schema\\\/logo\\\/image\\\/\",\"url\":\"https:\\\/\\\/milleetunpoils.fr\\\/wp-content\\\/uploads\\\/2024\\\/04\\\/milleetunpoils-1-1.png\",\"contentUrl\":\"https:\\\/\\\/milleetunpoils.fr\\\/wp-content\\\/uploads\\\/2024\\\/04\\\/milleetunpoils-1-1.png\",\"width\":500,\"height\":247,\"caption\":\"Mille et un poils\"},\"image\":{\"@id\":\"https:\\\/\\\/milleetunpoils.fr\\\/#\\\/schema\\\/logo\\\/image\\\/\"}}]}<\/script>\n<!-- \/ Yoast SEO plugin. -->","yoast_head_json":{"title":"Galerie photos - Mille et un poils","description":"D\u00e9couvrez les photos des animaux d\u00e9j\u00e0 gard\u00e9s par Mille et un Poils. soins, promenades, c\u00e2lins, jeux, s\u00e9r\u00e9nit\u00e9 au rendez-vous !","robots":{"index":"index","follow":"follow","max-snippet":"max-snippet:-1","max-image-preview":"max-image-preview:large","max-video-preview":"max-video-preview:-1"},"canonical":"https:\/\/milleetunpoils.fr\/index.php\/galerie-photos\/","og_locale":"fr_FR","og_type":"article","og_title":"Galerie photos - Mille et un poils","og_description":"D\u00e9couvrez les photos des animaux d\u00e9j\u00e0 gard\u00e9s par Mille et un Poils. soins, promenades, c\u00e2lins, jeux, s\u00e9r\u00e9nit\u00e9 au rendez-vous !","og_url":"https:\/\/milleetunpoils.fr\/index.php\/galerie-photos\/","og_site_name":"Mille et un poils","article_modified_time":"2026-03-08T15:07:12+00:00","og_image":[{"width":1920,"height":2560,"url":"https:\/\/milleetunpoils.fr\/wp-content\/uploads\/2026\/02\/20260206_125252-scaled.jpg","type":"image\/jpeg"}],"twitter_card":"summary_large_image","twitter_misc":{"Dur\u00e9e de lecture estim\u00e9e":"3 minutes"},"schema":{"@context":"https:\/\/schema.org","@graph":[{"@type":"WebPage","@id":"https:\/\/milleetunpoils.fr\/index.php\/galerie-photos\/","url":"https:\/\/milleetunpoils.fr\/index.php\/galerie-photos\/","name":"Galerie photos - Mille et un poils","isPartOf":{"@id":"https:\/\/milleetunpoils.fr\/#website"},"primaryImageOfPage":{"@id":"https:\/\/milleetunpoils.fr\/index.php\/galerie-photos\/#primaryimage"},"image":{"@id":"https:\/\/milleetunpoils.fr\/index.php\/galerie-photos\/#primaryimage"},"thumbnailUrl":"https:\/\/milleetunpoils.fr\/wp-content\/uploads\/2026\/02\/20260206_125252-768x1024.jpg","datePublished":"2026-02-13T22:07:10+00:00","dateModified":"2026-03-08T15:07:12+00:00","description":"D\u00e9couvrez les photos des animaux d\u00e9j\u00e0 gard\u00e9s par Mille et un Poils. soins, promenades, c\u00e2lins, jeux, s\u00e9r\u00e9nit\u00e9 au rendez-vous !","breadcrumb":{"@id":"https:\/\/milleetunpoils.fr\/index.php\/galerie-photos\/#breadcrumb"},"inLanguage":"fr-FR","potentialAction":[{"@type":"ReadAction","target":["https:\/\/milleetunpoils.fr\/index.php\/galerie-photos\/"]}]},{"@type":"ImageObject","inLanguage":"fr-FR","@id":"https:\/\/milleetunpoils.fr\/index.php\/galerie-photos\/#primaryimage","url":"https:\/\/milleetunpoils.fr\/wp-content\/uploads\/2026\/02\/20260206_125252-scaled.jpg","contentUrl":"https:\/\/milleetunpoils.fr\/wp-content\/uploads\/2026\/02\/20260206_125252-scaled.jpg","width":1920,"height":2560},{"@type":"BreadcrumbList","@id":"https:\/\/milleetunpoils.fr\/index.php\/galerie-photos\/#breadcrumb","itemListElement":[{"@type":"ListItem","position":1,"name":"Accueil","item":"https:\/\/milleetunpoils.fr\/"},{"@type":"ListItem","position":2,"name":"Galerie photos"}]},{"@type":"WebSite","@id":"https:\/\/milleetunpoils.fr\/#website","url":"https:\/\/milleetunpoils.fr\/","name":"Mille et un poils","description":"Garde d&#039;animaux \u00e0 Lannion","publisher":{"@id":"https:\/\/milleetunpoils.fr\/#organization"},"potentialAction":[{"@type":"SearchAction","target":{"@type":"EntryPoint","urlTemplate":"https:\/\/milleetunpoils.fr\/?s={search_term_string}"},"query-input":{"@type":"PropertyValueSpecification","valueRequired":true,"valueName":"search_term_string"}}],"inLanguage":"fr-FR"},{"@type":"Organization","@id":"https:\/\/milleetunpoils.fr\/#organization","name":"Mille et un poils","url":"https:\/\/milleetunpoils.fr\/","logo":{"@type":"ImageObject","inLanguage":"fr-FR","@id":"https:\/\/milleetunpoils.fr\/#\/schema\/logo\/image\/","url":"https:\/\/milleetunpoils.fr\/wp-content\/uploads\/2024\/04\/milleetunpoils-1-1.png","contentUrl":"https:\/\/milleetunpoils.fr\/wp-content\/uploads\/2024\/04\/milleetunpoils-1-1.png","width":500,"height":247,"caption":"Mille et un poils"},"image":{"@id":"https:\/\/milleetunpoils.fr\/#\/schema\/logo\/image\/"}}]}},"_links":{"self":[{"href":"https:\/\/milleetunpoils.fr\/index.php\/wp-json\/wp\/v2\/pages\/233","targetHints":{"allow":["GET"]}}],"collection":[{"href":"https:\/\/milleetunpoils.fr\/index.php\/wp-json\/wp\/v2\/pages"}],"about":[{"href":"https:\/\/milleetunpoils.fr\/index.php\/wp-json\/wp\/v2\/types\/page"}],"author":[{"embeddable":true,"href":"https:\/\/milleetunpoils.fr\/index.php\/wp-json\/wp\/v2\/users\/1"}],"replies":[{"embeddable":true,"href":"https:\/\/milleetunpoils.fr\/index.php\/wp-json\/wp\/v2\/comments?post=233"}],"version-history":[{"count":38,"href":"https:\/\/milleetunpoils.fr\/index.php\/wp-json\/wp\/v2\/pages\/233\/revisions"}],"predecessor-version":[{"id":391,"href":"https:\/\/milleetunpoils.fr\/index.php\/wp-json\/wp\/v2\/pages\/233\/revisions\/391"}],"wp:attachment":[{"href":"https:\/\/milleetunpoils.fr\/index.php\/wp-json\/wp\/v2\/media?parent=233"}],"curies":[{"name":"wp","href":"https:\/\/api.w.org\/{rel}","templated":true}]}}