{"id":99,"date":"2024-05-17T10:44:11","date_gmt":"2024-05-17T08:44:11","guid":{"rendered":"https:\/\/milleetunpoils.fr\/?page_id=99"},"modified":"2026-04-03T21:03:32","modified_gmt":"2026-04-03T19:03:32","slug":"tarifs-pet-sitter-lannion","status":"publish","type":"page","link":"https:\/\/milleetunpoils.fr\/index.php\/tarifs-pet-sitter-lannion\/","title":{"rendered":"Tarifs"},"content":{"rendered":"\t\t<div data-elementor-type=\"wp-page\" data-elementor-id=\"99\" class=\"elementor elementor-99\">\n\t\t\t\t<div class=\"elementor-element elementor-element-7931b20 e-grid e-con-boxed e-con e-parent\" data-id=\"7931b20\" data-element_type=\"container\" data-e-type=\"container\">\n\t\t\t\t\t<div class=\"e-con-inner\">\n\t\t\t\t<div class=\"elementor-element elementor-element-f9cfa64 elementor-widget elementor-widget-heading\" data-id=\"f9cfa64\" data-element_type=\"widget\" data-e-type=\"widget\" data-widget_type=\"heading.default\">\n\t\t\t\t<div class=\"elementor-widget-container\">\n\t\t\t\t\t<h1 class=\"elementor-heading-title elementor-size-default\">Mes tarifs de pet-sitter \u00e0 Lannion<\/h1>\t\t\t\t<\/div>\n\t\t\t\t<\/div>\n\t\t\t\t\t<\/div>\n\t\t\t\t<\/div>\n\t\t<div class=\"elementor-element elementor-element-8f735ba e-grid e-con-boxed e-con e-parent\" data-id=\"8f735ba\" data-element_type=\"container\" data-e-type=\"container\">\n\t\t\t\t\t<div class=\"e-con-inner\">\n\t\t\t\t<div class=\"elementor-element elementor-element-fdcaa40 elementor-widget elementor-widget-text-editor\" data-id=\"fdcaa40\" data-element_type=\"widget\" data-e-type=\"widget\" data-widget_type=\"text-editor.default\">\n\t\t\t\t<div class=\"elementor-widget-container\">\n\t\t\t\t\t\t\t\t\t<p>D\u00e9couvrez mes tarifs de pet-sitter \u00e0 Lannion et ses alentours. Je m&rsquo;occupe de la garde de vos animaux, chiens chats, Nacs pendant vos absences. Partez l&rsquo;esprits l\u00e9ger, je vous envoie de ses nouvelles r\u00e9guli\u00e8rement!\u00a0<\/p>\t\t\t\t\t\t\t\t<\/div>\n\t\t\t\t<\/div>\n\t\t\t\t\t<\/div>\n\t\t\t\t<\/div>\n\t\t<div class=\"elementor-element elementor-element-76ace4d e-flex e-con-boxed e-con e-parent\" data-id=\"76ace4d\" data-element_type=\"container\" data-e-type=\"container\">\n\t\t\t\t\t<div class=\"e-con-inner\">\n\t\t<div class=\"elementor-element elementor-element-4993863 e-con-full e-flex e-con e-child\" data-id=\"4993863\" data-element_type=\"container\" data-e-type=\"container\">\n\t\t\t\t<div class=\"elementor-element elementor-element-cf46059 elementor-widget elementor-widget-heading\" data-id=\"cf46059\" data-element_type=\"widget\" data-e-type=\"widget\" data-widget_type=\"heading.default\">\n\t\t\t\t<div class=\"elementor-widget-container\">\n\t\t\t\t\t<h2 class=\"elementor-heading-title elementor-size-default\">Pet-sitting<\/h2>\t\t\t\t<\/div>\n\t\t\t\t<\/div>\n\t\t\t\t<div class=\"elementor-element elementor-element-beca8f7 elementor-widget elementor-widget-text-editor\" data-id=\"beca8f7\" data-element_type=\"widget\" data-e-type=\"widget\" data-widget_type=\"text-editor.default\">\n\t\t\t\t<div class=\"elementor-widget-container\">\n\t\t\t\t\t\t\t\t\t<p>Je m&rsquo;occupe de vos animaux, nourrissage, soins, promenades, jeux, c\u00e2lins, etc&#8230;<\/p>\t\t\t\t\t\t\t\t<\/div>\n\t\t\t\t<\/div>\n\t\t\t\t<\/div>\n\t\t<div class=\"elementor-element elementor-element-0ca956d e-flex e-con-boxed e-con e-child\" data-id=\"0ca956d\" data-element_type=\"container\" data-e-type=\"container\">\n\t\t\t\t\t<div class=\"e-con-inner\">\n\t\t\t\t<div class=\"elementor-element elementor-element-f7a8ebc elementor-widget elementor-widget-heading\" data-id=\"f7a8ebc\" data-element_type=\"widget\" data-e-type=\"widget\" data-widget_type=\"heading.default\">\n\t\t\t\t<div class=\"elementor-widget-container\">\n\t\t\t\t\t<h2 class=\"elementor-heading-title elementor-size-default\">Home-sitting<\/h2>\t\t\t\t<\/div>\n\t\t\t\t<\/div>\n\t\t\t\t<div class=\"elementor-element elementor-element-b605f69 elementor-widget elementor-widget-text-editor\" data-id=\"b605f69\" data-element_type=\"widget\" data-e-type=\"widget\" data-widget_type=\"text-editor.default\">\n\t\t\t\t<div class=\"elementor-widget-container\">\n\t\t\t\t\t\t\t\t\t<p>Je m&rsquo;occupe en m\u00eame temps de votre maison, de relever le courrier, arroser les plantes, a\u00e9rer, &#8230;<\/p>\t\t\t\t\t\t\t\t<\/div>\n\t\t\t\t<\/div>\n\t\t\t\t\t<\/div>\n\t\t\t\t<\/div>\n\t\t\t\t\t<\/div>\n\t\t\t\t<\/div>\n\t\t<div class=\"elementor-element elementor-element-b4b0ac7 e-flex e-con-boxed e-con e-parent\" data-id=\"b4b0ac7\" data-element_type=\"container\" data-e-type=\"container\">\n\t\t\t\t\t<div class=\"e-con-inner\">\n\t\t\t\t<div class=\"elementor-element elementor-element-9233ca9 elementor-widget elementor-widget-image\" data-id=\"9233ca9\" data-element_type=\"widget\" data-e-type=\"widget\" data-widget_type=\"image.default\">\n\t\t\t\t<div class=\"elementor-widget-container\">\n\t\t\t\t\t\t\t\t\t\t\t\t\t\t\t<img fetchpriority=\"high\" decoding=\"async\" width=\"2560\" height=\"538\" src=\"https:\/\/milleetunpoils.fr\/wp-content\/uploads\/2024\/05\/20240225_122110-scaled-e1772969176558.jpg\" class=\"attachment-full size-full wp-image-182\" alt=\"\" srcset=\"https:\/\/milleetunpoils.fr\/wp-content\/uploads\/2024\/05\/20240225_122110-scaled-e1772969176558.jpg 2560w, https:\/\/milleetunpoils.fr\/wp-content\/uploads\/2024\/05\/20240225_122110-scaled-e1772969176558-300x63.jpg 300w, https:\/\/milleetunpoils.fr\/wp-content\/uploads\/2024\/05\/20240225_122110-scaled-e1772969176558-1024x215.jpg 1024w, https:\/\/milleetunpoils.fr\/wp-content\/uploads\/2024\/05\/20240225_122110-scaled-e1772969176558-768x161.jpg 768w, https:\/\/milleetunpoils.fr\/wp-content\/uploads\/2024\/05\/20240225_122110-scaled-e1772969176558-1536x323.jpg 1536w, https:\/\/milleetunpoils.fr\/wp-content\/uploads\/2024\/05\/20240225_122110-scaled-e1772969176558-2048x430.jpg 2048w\" sizes=\"(max-width: 2560px) 100vw, 2560px\" \/>\t\t\t\t\t\t\t\t\t\t\t\t\t\t\t<\/div>\n\t\t\t\t<\/div>\n\t\t\t\t\t<\/div>\n\t\t\t\t<\/div>\n\t\t<div class=\"elementor-element elementor-element-099f366 e-flex e-con-boxed e-con e-parent\" data-id=\"099f366\" data-element_type=\"container\" data-e-type=\"container\">\n\t\t\t\t\t<div class=\"e-con-inner\">\n\t\t\t\t<div class=\"elementor-element elementor-element-a302c6c elementor-widget elementor-widget-heading\" data-id=\"a302c6c\" data-element_type=\"widget\" data-e-type=\"widget\" data-widget_type=\"heading.default\">\n\t\t\t\t<div class=\"elementor-widget-container\">\n\t\t\t\t\t<h2 class=\"elementor-heading-title elementor-size-default\">Chats et NACs<\/h2>\t\t\t\t<\/div>\n\t\t\t\t<\/div>\n\t\t\t\t\t<\/div>\n\t\t\t\t<\/div>\n\t\t<div class=\"elementor-element elementor-element-cee4457 e-flex e-con-boxed e-con e-parent\" data-id=\"cee4457\" data-element_type=\"container\" data-e-type=\"container\">\n\t\t\t\t\t<div class=\"e-con-inner\">\n\t\t<div class=\"elementor-element elementor-element-7243a5c e-con-full e-flex e-con e-child\" data-id=\"7243a5c\" data-element_type=\"container\" data-e-type=\"container\">\n\t\t\t\t<div class=\"elementor-element elementor-element-18f4d08 elementor-widget elementor-widget-text-editor\" data-id=\"18f4d08\" data-element_type=\"widget\" data-e-type=\"widget\" data-widget_type=\"text-editor.default\">\n\t\t\t\t<div class=\"elementor-widget-container\">\n\t\t\t\t\t\t\t\t\t<h3 class=\"wp-block-heading\">Tarif des visites de 30 minutes<\/h3>\n<h3 class=\"wp-block-heading\"><span style=\"font-family: inherit; font-size: inherit; font-style: inherit; font-variant-ligatures: inherit; font-variant-caps: inherit; font-weight: inherit; color: #000000;\">\u00a011\u20ac<\/span><\/h3>\t\t\t\t\t\t\t\t<\/div>\n\t\t\t\t<\/div>\n\t\t\t\t<\/div>\n\t\t<div class=\"elementor-element elementor-element-54f8155 e-con-full e-flex e-con e-child\" data-id=\"54f8155\" data-element_type=\"container\" data-e-type=\"container\">\n\t\t\t\t<div class=\"elementor-element elementor-element-3297d68 elementor-widget elementor-widget-text-editor\" data-id=\"3297d68\" data-element_type=\"widget\" data-e-type=\"widget\" data-widget_type=\"text-editor.default\">\n\t\t\t\t<div class=\"elementor-widget-container\">\n\t\t\t\t\t\t\t\t\t<h3 class=\"wp-block-heading\">Tarif des visites de 1 heure<\/h3>\n<h3 class=\"wp-block-heading\"><span style=\"font-family: inherit; font-size: inherit; font-style: inherit; font-variant-ligatures: inherit; font-variant-caps: inherit; font-weight: inherit; color: #000000;\">16\u20ac<\/span><\/h3>\n<p><!-- \/wp:list-item --><!-- wp:list-item --><\/p>\t\t\t\t\t\t\t\t<\/div>\n\t\t\t\t<\/div>\n\t\t\t\t<\/div>\n\t\t<div class=\"elementor-element elementor-element-244e1c7 e-con-full e-flex e-con e-child\" data-id=\"244e1c7\" data-element_type=\"container\" data-e-type=\"container\">\n\t\t\t\t<div class=\"elementor-element elementor-element-21bfbfb elementor-widget elementor-widget-text-editor\" data-id=\"21bfbfb\" data-element_type=\"widget\" data-e-type=\"widget\" data-widget_type=\"text-editor.default\">\n\t\t\t\t<div class=\"elementor-widget-container\">\n\t\t\t\t\t\t\t\t\t<p>+ 6\u20ac par demi heure suppl\u00e9mentaire\u00a0<\/p>\t\t\t\t\t\t\t\t<\/div>\n\t\t\t\t<\/div>\n\t\t\t\t<\/div>\n\t\t\t\t\t<\/div>\n\t\t\t\t<\/div>\n\t\t<div class=\"elementor-element elementor-element-5902555 e-flex e-con-boxed e-con e-parent\" data-id=\"5902555\" data-element_type=\"container\" data-e-type=\"container\">\n\t\t\t\t\t<div class=\"e-con-inner\">\n\t\t\t\t<div class=\"elementor-element elementor-element-fd1a3be elementor-widget elementor-widget-image\" data-id=\"fd1a3be\" data-element_type=\"widget\" data-e-type=\"widget\" data-widget_type=\"image.default\">\n\t\t\t\t<div class=\"elementor-widget-container\">\n\t\t\t\t\t\t\t\t\t\t\t\t\t\t\t<img decoding=\"async\" width=\"2560\" height=\"794\" src=\"https:\/\/milleetunpoils.fr\/wp-content\/uploads\/2024\/05\/IMG_0132-scaled-e1772969144545.jpg\" class=\"attachment-full size-full wp-image-180\" alt=\"\" srcset=\"https:\/\/milleetunpoils.fr\/wp-content\/uploads\/2024\/05\/IMG_0132-scaled-e1772969144545.jpg 2560w, https:\/\/milleetunpoils.fr\/wp-content\/uploads\/2024\/05\/IMG_0132-scaled-e1772969144545-300x93.jpg 300w, https:\/\/milleetunpoils.fr\/wp-content\/uploads\/2024\/05\/IMG_0132-scaled-e1772969144545-1024x318.jpg 1024w, https:\/\/milleetunpoils.fr\/wp-content\/uploads\/2024\/05\/IMG_0132-scaled-e1772969144545-768x238.jpg 768w, https:\/\/milleetunpoils.fr\/wp-content\/uploads\/2024\/05\/IMG_0132-scaled-e1772969144545-1536x476.jpg 1536w, https:\/\/milleetunpoils.fr\/wp-content\/uploads\/2024\/05\/IMG_0132-scaled-e1772969144545-2048x635.jpg 2048w\" sizes=\"(max-width: 2560px) 100vw, 2560px\" \/>\t\t\t\t\t\t\t\t\t\t\t\t\t\t\t<\/div>\n\t\t\t\t<\/div>\n\t\t\t\t\t<\/div>\n\t\t\t\t<\/div>\n\t\t<div class=\"elementor-element elementor-element-28eb034 e-flex e-con-boxed e-con e-parent\" data-id=\"28eb034\" data-element_type=\"container\" data-e-type=\"container\">\n\t\t\t\t\t<div class=\"e-con-inner\">\n\t\t\t\t<div class=\"elementor-element elementor-element-064c4e0 elementor-widget elementor-widget-heading\" data-id=\"064c4e0\" data-element_type=\"widget\" data-e-type=\"widget\" data-widget_type=\"heading.default\">\n\t\t\t\t<div class=\"elementor-widget-container\">\n\t\t\t\t\t<h2 class=\"elementor-heading-title elementor-size-default\">Chiens<\/h2>\t\t\t\t<\/div>\n\t\t\t\t<\/div>\n\t\t\t\t\t<\/div>\n\t\t\t\t<\/div>\n\t\t<div class=\"elementor-element elementor-element-c29b899 e-grid e-con-boxed e-con e-parent\" data-id=\"c29b899\" data-element_type=\"container\" data-e-type=\"container\">\n\t\t\t\t\t<div class=\"e-con-inner\">\n\t\t\t\t<div class=\"elementor-element elementor-element-bee397d elementor-widget elementor-widget-text-editor\" data-id=\"bee397d\" data-element_type=\"widget\" data-e-type=\"widget\" data-widget_type=\"text-editor.default\">\n\t\t\t\t<div class=\"elementor-widget-container\">\n\t\t\t\t\t\t\t\t\t<h3 class=\"wp-block-heading\">Tarifs des visites de 30 minutes<\/h3>\n<h3 class=\"wp-block-heading\"><span style=\"font-family: inherit; font-size: inherit; font-style: inherit; font-variant-ligatures: inherit; font-variant-caps: inherit; font-weight: inherit; color: #000000;\">13\u20ac<\/span><\/h3>\t\t\t\t\t\t\t\t<\/div>\n\t\t\t\t<\/div>\n\t\t\t\t<div class=\"elementor-element elementor-element-d7f2d84 elementor-widget elementor-widget-text-editor\" data-id=\"d7f2d84\" data-element_type=\"widget\" data-e-type=\"widget\" data-widget_type=\"text-editor.default\">\n\t\t\t\t<div class=\"elementor-widget-container\">\n\t\t\t\t\t\t\t\t\t<h3 class=\"wp-block-heading\">Tarifs des visites d&rsquo;une heure<\/h3>\n<h3 class=\"wp-block-heading\"><span style=\"font-family: inherit; font-size: inherit; font-style: inherit; font-variant-ligatures: inherit; font-variant-caps: inherit; font-weight: inherit; color: #000000;\">18\u20ac<\/span><\/h3>\n<p><!-- \/wp:list-item --><!-- wp:list-item --><\/p>\t\t\t\t\t\t\t\t<\/div>\n\t\t\t\t<\/div>\n\t\t\t\t\t<\/div>\n\t\t\t\t<\/div>\n\t\t<div class=\"elementor-element elementor-element-5128e0d e-flex e-con-boxed e-con e-parent\" data-id=\"5128e0d\" data-element_type=\"container\" data-e-type=\"container\">\n\t\t\t\t\t<div class=\"e-con-inner\">\n\t\t\t\t<div class=\"elementor-element elementor-element-4c8561d elementor-widget elementor-widget-text-editor\" data-id=\"4c8561d\" data-element_type=\"widget\" data-e-type=\"widget\" data-widget_type=\"text-editor.default\">\n\t\t\t\t<div class=\"elementor-widget-container\">\n\t\t\t\t\t\t\t\t\t<p>+ 7\u20ac par demi heure suppl\u00e9mentaire\u00a0<\/p>\t\t\t\t\t\t\t\t<\/div>\n\t\t\t\t<\/div>\n\t\t\t\t<div class=\"elementor-element elementor-element-3da391f elementor-widget elementor-widget-text-editor\" data-id=\"3da391f\" data-element_type=\"widget\" data-e-type=\"widget\" data-widget_type=\"text-editor.default\">\n\t\t\t\t<div class=\"elementor-widget-container\">\n\t\t\t\t\t\t\t\t\t<h2 class=\"wp-block-heading\">Un besoin particulier pour votre animal ?<\/h2>\n<p><!-- \/wp:heading --><!-- wp:list --><\/p>\n<ul><!-- wp:list-item --><p><\/p>\n<li><a href=\"https:\/\/milleetunpoils.fr\/index.php\/contacts\/\">Contactez moi<\/a> et nous \u00e9laborerons un devis sur mesure selon votre besoin !<\/li>\n<p><!-- \/wp:list-item --><!-- wp:list-item --><\/p>\n<\/ul>\t\t\t\t\t\t\t\t<\/div>\n\t\t\t\t<\/div>\n\t\t\t\t<div class=\"elementor-element elementor-element-9577f29 elementor-widget elementor-widget-text-editor\" data-id=\"9577f29\" data-element_type=\"widget\" data-e-type=\"widget\" data-widget_type=\"text-editor.default\">\n\t\t\t\t<div class=\"elementor-widget-container\">\n\t\t\t\t\t\t\t\t\t<h2 class=\"wp-block-heading\">Prix des d\u00e9placements autour de Lannion<\/h2>\n<p><!-- \/wp:heading --><!-- wp:list --><\/p>\n<ul>\n<li style=\"list-style-type: none;\">\n<ul><!-- wp:list-item --><\/ul>\n<\/li>\n<li>Prix des visites chez vous depuis mon domicile, route de Tr\u00e9guier, 22300 LANNION,<\/li>\n<li>Comptez 0.20\u20ac au del\u00e0 de 5 km, et 0.50\u20ac au del\u00e0 de 10km par kilom\u00e8tre suppl\u00e9mentaires autour de chez moi<\/li>\n<\/ul>\n<p><!-- \/wp:list-item --><!-- wp:list-item --><\/p>\t\t\t\t\t\t\t\t<\/div>\n\t\t\t\t<\/div>\n\t\t\t\t\t<\/div>\n\t\t\t\t<\/div>\n\t\t\t\t<\/div>\n\t\t","protected":false},"excerpt":{"rendered":"<p>Mes tarifs de pet-sitter \u00e0 Lannion D\u00e9couvrez mes tarifs de pet-sitter \u00e0 Lannion et ses alentours. Je m&rsquo;occupe de la garde de vos animaux, chiens chats, Nacs pendant vos absences. Partez l&rsquo;esprits l\u00e9ger, je vous envoie de ses nouvelles r\u00e9guli\u00e8rement!\u00a0 Pet-sitting Je m&rsquo;occupe de vos animaux, nourrissage, soins, promenades, jeux, c\u00e2lins, etc&#8230; Home-sitting Je m&rsquo;occupe [&hellip;]<\/p>\n","protected":false},"author":1,"featured_media":0,"parent":0,"menu_order":3,"comment_status":"closed","ping_status":"closed","template":"","meta":{"footnotes":""},"class_list":["post-99","page","type-page","status-publish","hentry"],"blocksy_meta":[],"yoast_head":"<!-- This site is optimized with the Yoast SEO plugin v27.3 - https:\/\/yoast.com\/product\/yoast-seo-wordpress\/ -->\n<title>Tarifs pet sitter \u00e0 Lannion<\/title>\n<meta name=\"description\" content=\"D\u00e9couvrez mes tarifs de Pet-sitter \u00e0 Lannion dipl\u00f4m\u00e9e de l&#039;ACACED, ancienne assistante v\u00e9t\u00e9rinaire. Gardes de chiens, chats, Nacs.\" \/>\n<meta name=\"robots\" content=\"index, follow, max-snippet:-1, max-image-preview:large, max-video-preview:-1\" \/>\n<link rel=\"canonical\" href=\"https:\/\/milleetunpoils.fr\/index.php\/tarifs-pet-sitter-lannion\/\" \/>\n<meta property=\"og:locale\" content=\"fr_FR\" \/>\n<meta property=\"og:type\" content=\"article\" \/>\n<meta property=\"og:title\" content=\"Tarifs pet sitter \u00e0 Lannion\" \/>\n<meta property=\"og:description\" content=\"D\u00e9couvrez mes tarifs de Pet-sitter \u00e0 Lannion dipl\u00f4m\u00e9e de l&#039;ACACED, ancienne assistante v\u00e9t\u00e9rinaire. Gardes de chiens, chats, Nacs.\" \/>\n<meta property=\"og:url\" content=\"https:\/\/milleetunpoils.fr\/index.php\/tarifs-pet-sitter-lannion\/\" \/>\n<meta property=\"og:site_name\" content=\"Mille et un poils\" \/>\n<meta property=\"article:modified_time\" content=\"2026-04-03T19:03:32+00:00\" \/>\n<meta property=\"og:image\" content=\"https:\/\/milleetunpoils.fr\/wp-content\/uploads\/2024\/05\/20240225_122110-scaled-e1772969176558.jpg\" \/>\n\t<meta property=\"og:image:width\" content=\"2560\" \/>\n\t<meta property=\"og:image:height\" content=\"538\" \/>\n\t<meta property=\"og:image:type\" content=\"image\/jpeg\" \/>\n<meta name=\"twitter:card\" content=\"summary_large_image\" \/>\n<meta name=\"twitter:label1\" content=\"Dur\u00e9e de lecture estim\u00e9e\" \/>\n\t<meta name=\"twitter:data1\" content=\"2 minutes\" \/>\n<script type=\"application\/ld+json\" class=\"yoast-schema-graph\">{\"@context\":\"https:\\\/\\\/schema.org\",\"@graph\":[{\"@type\":\"WebPage\",\"@id\":\"https:\\\/\\\/milleetunpoils.fr\\\/index.php\\\/tarifs-pet-sitter-lannion\\\/\",\"url\":\"https:\\\/\\\/milleetunpoils.fr\\\/index.php\\\/tarifs-pet-sitter-lannion\\\/\",\"name\":\"Tarifs pet sitter \u00e0 Lannion\",\"isPartOf\":{\"@id\":\"https:\\\/\\\/milleetunpoils.fr\\\/#website\"},\"primaryImageOfPage\":{\"@id\":\"https:\\\/\\\/milleetunpoils.fr\\\/index.php\\\/tarifs-pet-sitter-lannion\\\/#primaryimage\"},\"image\":{\"@id\":\"https:\\\/\\\/milleetunpoils.fr\\\/index.php\\\/tarifs-pet-sitter-lannion\\\/#primaryimage\"},\"thumbnailUrl\":\"https:\\\/\\\/milleetunpoils.fr\\\/wp-content\\\/uploads\\\/2024\\\/05\\\/20240225_122110-scaled-e1772969176558.jpg\",\"datePublished\":\"2024-05-17T08:44:11+00:00\",\"dateModified\":\"2026-04-03T19:03:32+00:00\",\"description\":\"D\u00e9couvrez mes tarifs de Pet-sitter \u00e0 Lannion dipl\u00f4m\u00e9e de l'ACACED, ancienne assistante v\u00e9t\u00e9rinaire. Gardes de chiens, chats, Nacs.\",\"breadcrumb\":{\"@id\":\"https:\\\/\\\/milleetunpoils.fr\\\/index.php\\\/tarifs-pet-sitter-lannion\\\/#breadcrumb\"},\"inLanguage\":\"fr-FR\",\"potentialAction\":[{\"@type\":\"ReadAction\",\"target\":[\"https:\\\/\\\/milleetunpoils.fr\\\/index.php\\\/tarifs-pet-sitter-lannion\\\/\"]}]},{\"@type\":\"ImageObject\",\"inLanguage\":\"fr-FR\",\"@id\":\"https:\\\/\\\/milleetunpoils.fr\\\/index.php\\\/tarifs-pet-sitter-lannion\\\/#primaryimage\",\"url\":\"https:\\\/\\\/milleetunpoils.fr\\\/wp-content\\\/uploads\\\/2024\\\/05\\\/20240225_122110-scaled-e1772969176558.jpg\",\"contentUrl\":\"https:\\\/\\\/milleetunpoils.fr\\\/wp-content\\\/uploads\\\/2024\\\/05\\\/20240225_122110-scaled-e1772969176558.jpg\",\"width\":2560,\"height\":538},{\"@type\":\"BreadcrumbList\",\"@id\":\"https:\\\/\\\/milleetunpoils.fr\\\/index.php\\\/tarifs-pet-sitter-lannion\\\/#breadcrumb\",\"itemListElement\":[{\"@type\":\"ListItem\",\"position\":1,\"name\":\"Accueil\",\"item\":\"https:\\\/\\\/milleetunpoils.fr\\\/\"},{\"@type\":\"ListItem\",\"position\":2,\"name\":\"Tarifs\"}]},{\"@type\":\"WebSite\",\"@id\":\"https:\\\/\\\/milleetunpoils.fr\\\/#website\",\"url\":\"https:\\\/\\\/milleetunpoils.fr\\\/\",\"name\":\"Mille et un poils\",\"description\":\"Garde d&#039;animaux \u00e0 Lannion\",\"publisher\":{\"@id\":\"https:\\\/\\\/milleetunpoils.fr\\\/#organization\"},\"potentialAction\":[{\"@type\":\"SearchAction\",\"target\":{\"@type\":\"EntryPoint\",\"urlTemplate\":\"https:\\\/\\\/milleetunpoils.fr\\\/?s={search_term_string}\"},\"query-input\":{\"@type\":\"PropertyValueSpecification\",\"valueRequired\":true,\"valueName\":\"search_term_string\"}}],\"inLanguage\":\"fr-FR\"},{\"@type\":\"Organization\",\"@id\":\"https:\\\/\\\/milleetunpoils.fr\\\/#organization\",\"name\":\"Mille et un poils\",\"url\":\"https:\\\/\\\/milleetunpoils.fr\\\/\",\"logo\":{\"@type\":\"ImageObject\",\"inLanguage\":\"fr-FR\",\"@id\":\"https:\\\/\\\/milleetunpoils.fr\\\/#\\\/schema\\\/logo\\\/image\\\/\",\"url\":\"https:\\\/\\\/milleetunpoils.fr\\\/wp-content\\\/uploads\\\/2024\\\/04\\\/milleetunpoils-1-1.png\",\"contentUrl\":\"https:\\\/\\\/milleetunpoils.fr\\\/wp-content\\\/uploads\\\/2024\\\/04\\\/milleetunpoils-1-1.png\",\"width\":500,\"height\":247,\"caption\":\"Mille et un poils\"},\"image\":{\"@id\":\"https:\\\/\\\/milleetunpoils.fr\\\/#\\\/schema\\\/logo\\\/image\\\/\"}}]}<\/script>\n<!-- \/ Yoast SEO plugin. -->","yoast_head_json":{"title":"Tarifs pet sitter \u00e0 Lannion","description":"D\u00e9couvrez mes tarifs de Pet-sitter \u00e0 Lannion dipl\u00f4m\u00e9e de l'ACACED, ancienne assistante v\u00e9t\u00e9rinaire. Gardes de chiens, chats, Nacs.","robots":{"index":"index","follow":"follow","max-snippet":"max-snippet:-1","max-image-preview":"max-image-preview:large","max-video-preview":"max-video-preview:-1"},"canonical":"https:\/\/milleetunpoils.fr\/index.php\/tarifs-pet-sitter-lannion\/","og_locale":"fr_FR","og_type":"article","og_title":"Tarifs pet sitter \u00e0 Lannion","og_description":"D\u00e9couvrez mes tarifs de Pet-sitter \u00e0 Lannion dipl\u00f4m\u00e9e de l'ACACED, ancienne assistante v\u00e9t\u00e9rinaire. Gardes de chiens, chats, Nacs.","og_url":"https:\/\/milleetunpoils.fr\/index.php\/tarifs-pet-sitter-lannion\/","og_site_name":"Mille et un poils","article_modified_time":"2026-04-03T19:03:32+00:00","og_image":[{"width":2560,"height":538,"url":"https:\/\/milleetunpoils.fr\/wp-content\/uploads\/2024\/05\/20240225_122110-scaled-e1772969176558.jpg","type":"image\/jpeg"}],"twitter_card":"summary_large_image","twitter_misc":{"Dur\u00e9e de lecture estim\u00e9e":"2 minutes"},"schema":{"@context":"https:\/\/schema.org","@graph":[{"@type":"WebPage","@id":"https:\/\/milleetunpoils.fr\/index.php\/tarifs-pet-sitter-lannion\/","url":"https:\/\/milleetunpoils.fr\/index.php\/tarifs-pet-sitter-lannion\/","name":"Tarifs pet sitter \u00e0 Lannion","isPartOf":{"@id":"https:\/\/milleetunpoils.fr\/#website"},"primaryImageOfPage":{"@id":"https:\/\/milleetunpoils.fr\/index.php\/tarifs-pet-sitter-lannion\/#primaryimage"},"image":{"@id":"https:\/\/milleetunpoils.fr\/index.php\/tarifs-pet-sitter-lannion\/#primaryimage"},"thumbnailUrl":"https:\/\/milleetunpoils.fr\/wp-content\/uploads\/2024\/05\/20240225_122110-scaled-e1772969176558.jpg","datePublished":"2024-05-17T08:44:11+00:00","dateModified":"2026-04-03T19:03:32+00:00","description":"D\u00e9couvrez mes tarifs de Pet-sitter \u00e0 Lannion dipl\u00f4m\u00e9e de l'ACACED, ancienne assistante v\u00e9t\u00e9rinaire. Gardes de chiens, chats, Nacs.","breadcrumb":{"@id":"https:\/\/milleetunpoils.fr\/index.php\/tarifs-pet-sitter-lannion\/#breadcrumb"},"inLanguage":"fr-FR","potentialAction":[{"@type":"ReadAction","target":["https:\/\/milleetunpoils.fr\/index.php\/tarifs-pet-sitter-lannion\/"]}]},{"@type":"ImageObject","inLanguage":"fr-FR","@id":"https:\/\/milleetunpoils.fr\/index.php\/tarifs-pet-sitter-lannion\/#primaryimage","url":"https:\/\/milleetunpoils.fr\/wp-content\/uploads\/2024\/05\/20240225_122110-scaled-e1772969176558.jpg","contentUrl":"https:\/\/milleetunpoils.fr\/wp-content\/uploads\/2024\/05\/20240225_122110-scaled-e1772969176558.jpg","width":2560,"height":538},{"@type":"BreadcrumbList","@id":"https:\/\/milleetunpoils.fr\/index.php\/tarifs-pet-sitter-lannion\/#breadcrumb","itemListElement":[{"@type":"ListItem","position":1,"name":"Accueil","item":"https:\/\/milleetunpoils.fr\/"},{"@type":"ListItem","position":2,"name":"Tarifs"}]},{"@type":"WebSite","@id":"https:\/\/milleetunpoils.fr\/#website","url":"https:\/\/milleetunpoils.fr\/","name":"Mille et un poils","description":"Garde d&#039;animaux \u00e0 Lannion","publisher":{"@id":"https:\/\/milleetunpoils.fr\/#organization"},"potentialAction":[{"@type":"SearchAction","target":{"@type":"EntryPoint","urlTemplate":"https:\/\/milleetunpoils.fr\/?s={search_term_string}"},"query-input":{"@type":"PropertyValueSpecification","valueRequired":true,"valueName":"search_term_string"}}],"inLanguage":"fr-FR"},{"@type":"Organization","@id":"https:\/\/milleetunpoils.fr\/#organization","name":"Mille et un poils","url":"https:\/\/milleetunpoils.fr\/","logo":{"@type":"ImageObject","inLanguage":"fr-FR","@id":"https:\/\/milleetunpoils.fr\/#\/schema\/logo\/image\/","url":"https:\/\/milleetunpoils.fr\/wp-content\/uploads\/2024\/04\/milleetunpoils-1-1.png","contentUrl":"https:\/\/milleetunpoils.fr\/wp-content\/uploads\/2024\/04\/milleetunpoils-1-1.png","width":500,"height":247,"caption":"Mille et un poils"},"image":{"@id":"https:\/\/milleetunpoils.fr\/#\/schema\/logo\/image\/"}}]}},"_links":{"self":[{"href":"https:\/\/milleetunpoils.fr\/index.php\/wp-json\/wp\/v2\/pages\/99","targetHints":{"allow":["GET"]}}],"collection":[{"href":"https:\/\/milleetunpoils.fr\/index.php\/wp-json\/wp\/v2\/pages"}],"about":[{"href":"https:\/\/milleetunpoils.fr\/index.php\/wp-json\/wp\/v2\/types\/page"}],"author":[{"embeddable":true,"href":"https:\/\/milleetunpoils.fr\/index.php\/wp-json\/wp\/v2\/users\/1"}],"replies":[{"embeddable":true,"href":"https:\/\/milleetunpoils.fr\/index.php\/wp-json\/wp\/v2\/comments?post=99"}],"version-history":[{"count":72,"href":"https:\/\/milleetunpoils.fr\/index.php\/wp-json\/wp\/v2\/pages\/99\/revisions"}],"predecessor-version":[{"id":489,"href":"https:\/\/milleetunpoils.fr\/index.php\/wp-json\/wp\/v2\/pages\/99\/revisions\/489"}],"wp:attachment":[{"href":"https:\/\/milleetunpoils.fr\/index.php\/wp-json\/wp\/v2\/media?parent=99"}],"curies":[{"name":"wp","href":"https:\/\/api.w.org\/{rel}","templated":true}]}}